{"id":228,"date":"2023-04-05T21:11:32","date_gmt":"2023-04-05T19:11:32","guid":{"rendered":"https:\/\/fixpaletta.hu\/szolgaltatasok\/"},"modified":"2023-04-26T21:43:51","modified_gmt":"2023-04-26T19:43:51","slug":"dienstleistungen","status":"publish","type":"page","link":"https:\/\/fixpaletta.hu\/de\/dienstleistungen\/","title":{"rendered":"Dienstleistungen"},"content":{"rendered":"[vc_row type=&#8220;in_container&#8220; full_screen_row_position=&#8220;middle&#8220; column_margin=&#8220;default&#8220; equal_height=&#8220;yes&#8220; column_direction=&#8220;default&#8220; column_direction_tablet=&#8220;default&#8220; column_direction_phone=&#8220;default&#8220; scene_position=&#8220;center&#8220; top_padding=&#8220;80&#8243; bottom_padding=&#8220;60&#8243; top_padding_tablet=&#8220;60&#8243; bottom_padding_tablet=&#8220;60&#8243; top_padding_phone=&#8220;60&#8243; constrain_group_5=&#8220;yes&#8220; bottom_padding_phone=&#8220;60&#8243; text_color=&#8220;dark&#8220; text_align=&#8220;left&#8220; row_border_radius=&#8220;none&#8220; row_border_radius_applies=&#8220;bg&#8220; overflow=&#8220;visible&#8220; overlay_strength=&#8220;0.3&#8243; gradient_direction=&#8220;left_to_right&#8220; shape_divider_position=&#8220;bottom&#8220; bg_image_animation=&#8220;none&#8220; gradient_type=&#8220;default&#8220; shape_type=&#8220;&#8220;][vc_column column_padding=&#8220;padding-4-percent&#8220; column_padding_tablet=&#8220;padding-3-percent&#8220; column_padding_phone=&#8220;padding-3-percent&#8220; column_padding_position=&#8220;all&#8220; column_element_direction_desktop=&#8220;default&#8220; column_element_spacing=&#8220;default&#8220; desktop_text_alignment=&#8220;default&#8220; tablet_text_alignment=&#8220;default&#8220; phone_text_alignment=&#8220;default&#8220; background_color=&#8220;#efefef&#8220; background_color_opacity=&#8220;1&#8243; background_hover_color_opacity=&#8220;1&#8243; column_backdrop_filter=&#8220;none&#8220; column_shadow=&#8220;none&#8220; column_border_radius=&#8220;none&#8220; column_link_target=&#8220;_self&#8220; column_position=&#8220;default&#8220; gradient_direction=&#8220;left_to_right&#8220; overlay_strength=&#8220;0.3&#8243; width=&#8220;1\/3&#8243; tablet_width_inherit=&#8220;default&#8220; animation_type=&#8220;default&#8220; bg_image_animation=&#8220;none&#8220; border_type=&#8220;simple&#8220; column_border_width=&#8220;none&#8220; column_border_style=&#8220;solid&#8220; column_padding_type=&#8220;default&#8220; gradient_type=&#8220;default&#8220;][nectar_icon icon_family=&#8220;linea&#8220; icon_style=&#8220;default&#8220; icon_color_type=&#8220;color_scheme&#8220; icon_color=&#8220;Accent-Color&#8220; icon_padding=&#8220;0px&#8220; pointer_events=&#8220;all&#8220; icon_linea=&#8220;icon-basic-flag2&#8243; icon_size=&#8220;50&#8243;][vc_column_text]\n<h2><span style=\"color: #000000;\"> Kauf von Paletten <\/span><\/h2>\n[\/vc_column_text][vc_column_text]\n<h4><span style=\"color: #000000;\"> Wir verf\u00fcgen \u00fcber eine breites Sortiment von gebrauchten Paletten. <\/span><\/h4>\n[\/vc_column_text][vc_column_text]Europaletten, Einwegpaletten, Kunststoffpaletten, Gitterboxen, Kunststoffbeh\u00e4lter. Fragen Sie nach unserem Angebot, wir haben einen st\u00e4ndigen Vorrat. Wir holen Ihre \u00fcbersch\u00fcssigen Paletten innerhalb von 1-2 Tagen ab, ab 100 St\u00fcck.[\/vc_column_text][\/vc_column][vc_column column_padding=&#8220;padding-4-percent&#8220; column_padding_tablet=&#8220;padding-3-percent&#8220; column_padding_phone=&#8220;padding-3-percent&#8220; column_padding_position=&#8220;all&#8220; column_element_direction_desktop=&#8220;default&#8220; column_element_spacing=&#8220;default&#8220; desktop_text_alignment=&#8220;default&#8220; tablet_text_alignment=&#8220;default&#8220; phone_text_alignment=&#8220;default&#8220; background_color=&#8220;#efefef&#8220; background_color_opacity=&#8220;1&#8243; background_hover_color_opacity=&#8220;1&#8243; column_backdrop_filter=&#8220;none&#8220; column_shadow=&#8220;none&#8220; column_border_radius=&#8220;none&#8220; column_link_target=&#8220;_self&#8220; column_position=&#8220;default&#8220; gradient_direction=&#8220;left_to_right&#8220; overlay_strength=&#8220;0.3&#8243; width=&#8220;1\/3&#8243; tablet_width_inherit=&#8220;default&#8220; animation_type=&#8220;default&#8220; bg_image_animation=&#8220;none&#8220; border_type=&#8220;simple&#8220; column_border_width=&#8220;none&#8220; column_border_style=&#8220;solid&#8220; column_padding_type=&#8220;default&#8220; gradient_type=&#8220;default&#8220;][nectar_icon icon_family=&#8220;linea&#8220; icon_style=&#8220;default&#8220; icon_color_type=&#8220;color_scheme&#8220; icon_color=&#8220;Accent-Color&#8220; icon_padding=&#8220;0px&#8220; pointer_events=&#8220;all&#8220; icon_linea=&#8220;icon-basic-settings&#8220; icon_size=&#8220;50&#8243;][vc_column_text]\n<h2><span style=\"color: #000000;\"> Palettenreparatur <\/span><\/h2>\n[\/vc_column_text][vc_column_text]\n<h4><span style=\"color: #000000;\">Wir reparieren gebrauchte Paletten mit eigenem Personal.<br \/>\n<\/span><\/h4>\n[\/vc_column_text][vc_column_text]Die Reparatur von Euro-\/UIC- und Einwegpaletten sowie der Ankauf besch\u00e4digter Paletten geh\u00f6ren seit 2015 zu unserem Portfolio. Wir haben die M\u00c1V-REC Reparaturlizenz, wir sind offizielle Qualit\u00e4tskontrolleure.<br \/>\n[\/vc_column_text][\/vc_column][vc_column column_padding=&#8220;padding-4-percent&#8220; column_padding_tablet=&#8220;padding-3-percent&#8220; column_padding_phone=&#8220;padding-3-percent&#8220; column_padding_position=&#8220;all&#8220; column_element_direction_desktop=&#8220;default&#8220; column_element_spacing=&#8220;default&#8220; desktop_text_alignment=&#8220;default&#8220; tablet_text_alignment=&#8220;default&#8220; phone_text_alignment=&#8220;default&#8220; background_color=&#8220;#efefef&#8220; background_color_opacity=&#8220;1&#8243; background_hover_color_opacity=&#8220;1&#8243; column_backdrop_filter=&#8220;none&#8220; column_shadow=&#8220;none&#8220; column_border_radius=&#8220;none&#8220; column_link_target=&#8220;_self&#8220; column_position=&#8220;default&#8220; gradient_direction=&#8220;left_to_right&#8220; overlay_strength=&#8220;0.3&#8243; width=&#8220;1\/3&#8243; tablet_width_inherit=&#8220;default&#8220; animation_type=&#8220;default&#8220; bg_image_animation=&#8220;none&#8220; border_type=&#8220;simple&#8220; column_border_width=&#8220;none&#8220; column_border_style=&#8220;solid&#8220; column_padding_type=&#8220;default&#8220; gradient_type=&#8220;default&#8220;][nectar_icon icon_family=&#8220;linea&#8220; icon_style=&#8220;default&#8220; icon_color_type=&#8220;color_scheme&#8220; icon_color=&#8220;Accent-Color&#8220; icon_padding=&#8220;0px&#8220; pointer_events=&#8220;all&#8220; icon_linea=&#8220;icon-ecommerce-cart-check&#8220; icon_size=&#8220;50&#8243;][vc_column_text]\n<h2><span style=\"color: #000000;\"> Palettenversand <\/span><\/h2>\n[\/vc_column_text][vc_column_text]\n<h4><span style=\"color: #000000;\"> Wir liefern auf dem ganzen Gebiet Ungarns. \u00a0<\/span><\/h4>\n[\/vc_column_text][vc_column_text]\n<p class=\"p1\">Wir sind im ganzen Land t\u00e4tig und f\u00fchren mit Hilfe unserer Transportpartner Lieferungen und Abholungen durch. Fragen Sie uns nach einem Angebot!<\/p>\n[\/vc_column_text][\/vc_column][\/vc_row]\n","protected":false},"excerpt":{"rendered":"<p>[vc_row type=&#8220;in_container&#8220; full_screen_row_position=&#8220;middle&#8220; column_margin=&#8220;default&#8220; equal_height=&#8220;yes&#8220; column_direction=&#8220;default&#8220; column_direction_tablet=&#8220;default&#8220; column_direction_phone=&#8220;default&#8220; scene_position=&#8220;center&#8220; top_padding=&#8220;80&#8243; bottom_padding=&#8220;60&#8243; top_padding_tablet=&#8220;60&#8243; bottom_padding_tablet=&#8220;60&#8243; top_padding_phone=&#8220;60&#8243; constrain_group_5=&#8220;yes&#8220; bottom_padding_phone=&#8220;60&#8243; text_color=&#8220;dark&#8220; text_align=&#8220;left&#8220; row_border_radius=&#8220;none&#8220; row_border_radius_applies=&#8220;bg&#8220; overflow=&#8220;visible&#8220; overlay_strength=&#8220;0.3&#8243; gradient_direction=&#8220;left_to_right&#8220; shape_divider_position=&#8220;bottom&#8220; bg_image_animation=&#8220;none&#8220; gradient_type=&#8220;default&#8220; shape_type=&#8220;&#8220;][vc_column column_padding=&#8220;padding-4-percent&#8220; column_padding_tablet=&#8220;padding-3-percent&#8220; column_padding_phone=&#8220;padding-3-percent&#8220;&#8230;<\/p>\n","protected":false},"author":1,"featured_media":0,"parent":0,"menu_order":0,"comment_status":"closed","ping_status":"closed","template":"","meta":{"footnotes":""},"class_list":["post-228","page","type-page","status-publish"],"yoast_head":"<!-- This site is optimized with the Yoast SEO plugin v20.6 - https:\/\/yoast.com\/wordpress\/plugins\/seo\/ -->\n<title>Dienstleistungen | Fix-Paletta Hungary Kft.<\/title>\n<meta name=\"robots\" content=\"index, follow, max-snippet:-1, max-image-preview:large, max-video-preview:-1\" \/>\n<link rel=\"canonical\" href=\"https:\/\/fixpaletta.hu\/de\/dienstleistungen\/\" \/>\n<meta property=\"og:locale\" content=\"de_DE\" \/>\n<meta property=\"og:type\" content=\"article\" \/>\n<meta property=\"og:title\" content=\"Dienstleistungen | Fix-Paletta Hungary Kft.\" \/>\n<meta property=\"og:description\" content=\"[vc_row type=&#8220;in_container&#8220; full_screen_row_position=&#8220;middle&#8220; column_margin=&#8220;default&#8220; equal_height=&#8220;yes&#8220; column_direction=&#8220;default&#8220; column_direction_tablet=&#8220;default&#8220; column_direction_phone=&#8220;default&#8220; scene_position=&#8220;center&#8220; top_padding=&#8220;80&#8243; bottom_padding=&#8220;60&#8243; top_padding_tablet=&#8220;60&#8243; bottom_padding_tablet=&#8220;60&#8243; top_padding_phone=&#8220;60&#8243; constrain_group_5=&#8220;yes&#8220; bottom_padding_phone=&#8220;60&#8243; text_color=&#8220;dark&#8220; text_align=&#8220;left&#8220; row_border_radius=&#8220;none&#8220; row_border_radius_applies=&#8220;bg&#8220; overflow=&#8220;visible&#8220; overlay_strength=&#8220;0.3&#8243; gradient_direction=&#8220;left_to_right&#8220; shape_divider_position=&#8220;bottom&#8220; bg_image_animation=&#8220;none&#8220; gradient_type=&#8220;default&#8220; shape_type=&#8220;&#8220;][vc_column column_padding=&#8220;padding-4-percent&#8220; column_padding_tablet=&#8220;padding-3-percent&#8220; column_padding_phone=&#8220;padding-3-percent&#8220;...\" \/>\n<meta property=\"og:url\" content=\"https:\/\/fixpaletta.hu\/de\/dienstleistungen\/\" \/>\n<meta property=\"og:site_name\" content=\"Fix-Paletta Hungary Kft.\" \/>\n<meta property=\"article:modified_time\" content=\"2023-04-26T19:43:51+00:00\" \/>\n<meta property=\"og:image\" content=\"https:\/\/fixpaletta.hu\/wp-content\/uploads\/2023\/04\/fix-paletta-siteimg.jpg\" \/>\n\t<meta property=\"og:image:width\" content=\"1400\" \/>\n\t<meta property=\"og:image:height\" content=\"858\" \/>\n\t<meta property=\"og:image:type\" content=\"image\/jpeg\" \/>\n<meta name=\"twitter:card\" content=\"summary_large_image\" \/>\n<meta name=\"twitter:label1\" content=\"Gesch\u00e4tzte Lesezeit\" \/>\n\t<meta name=\"twitter:data1\" content=\"2\u00a0Minuten\" \/>\n<script type=\"application\/ld+json\" class=\"yoast-schema-graph\">{\"@context\":\"https:\/\/schema.org\",\"@graph\":[{\"@type\":\"WebPage\",\"@id\":\"https:\/\/fixpaletta.hu\/de\/dienstleistungen\/\",\"url\":\"https:\/\/fixpaletta.hu\/de\/dienstleistungen\/\",\"name\":\"Dienstleistungen | Fix-Paletta Hungary Kft.\",\"isPartOf\":{\"@id\":\"https:\/\/fixpaletta.hu\/de\/#website\"},\"datePublished\":\"2023-04-05T19:11:32+00:00\",\"dateModified\":\"2023-04-26T19:43:51+00:00\",\"breadcrumb\":{\"@id\":\"https:\/\/fixpaletta.hu\/de\/dienstleistungen\/#breadcrumb\"},\"inLanguage\":\"de\",\"potentialAction\":[{\"@type\":\"ReadAction\",\"target\":[\"https:\/\/fixpaletta.hu\/de\/dienstleistungen\/\"]}]},{\"@type\":\"BreadcrumbList\",\"@id\":\"https:\/\/fixpaletta.hu\/de\/dienstleistungen\/#breadcrumb\",\"itemListElement\":[{\"@type\":\"ListItem\",\"position\":1,\"name\":\"Kezd\u0151lap\",\"item\":\"https:\/\/fixpaletta.hu\/de\/\"},{\"@type\":\"ListItem\",\"position\":2,\"name\":\"Dienstleistungen\"}]},{\"@type\":\"WebSite\",\"@id\":\"https:\/\/fixpaletta.hu\/de\/#website\",\"url\":\"https:\/\/fixpaletta.hu\/de\/\",\"name\":\"Fix-Paletta Hungary Kft.\",\"description\":\"Haszn\u00e1lt raklap ad\u00e1s-v\u00e9tel \u00e9s jav\u00edt\u00e1s\",\"publisher\":{\"@id\":\"https:\/\/fixpaletta.hu\/de\/#organization\"},\"potentialAction\":[{\"@type\":\"SearchAction\",\"target\":{\"@type\":\"EntryPoint\",\"urlTemplate\":\"https:\/\/fixpaletta.hu\/de\/?s={search_term_string}\"},\"query-input\":\"required name=search_term_string\"}],\"inLanguage\":\"de\"},{\"@type\":\"Organization\",\"@id\":\"https:\/\/fixpaletta.hu\/de\/#organization\",\"name\":\"Fix-Paletta Hungary Kft.\",\"url\":\"https:\/\/fixpaletta.hu\/de\/\",\"logo\":{\"@type\":\"ImageObject\",\"inLanguage\":\"de\",\"@id\":\"https:\/\/fixpaletta.hu\/de\/#\/schema\/logo\/image\/\",\"url\":\"https:\/\/fixpaletta.hu\/wp-content\/uploads\/2023\/04\/fix-paletta-logo-retina.png\",\"contentUrl\":\"https:\/\/fixpaletta.hu\/wp-content\/uploads\/2023\/04\/fix-paletta-logo-retina.png\",\"width\":1280,\"height\":400,\"caption\":\"Fix-Paletta Hungary Kft.\"},\"image\":{\"@id\":\"https:\/\/fixpaletta.hu\/de\/#\/schema\/logo\/image\/\"}}]}<\/script>\n<!-- \/ Yoast SEO plugin. -->","yoast_head_json":{"title":"Dienstleistungen | Fix-Paletta Hungary Kft.","robots":{"index":"index","follow":"follow","max-snippet":"max-snippet:-1","max-image-preview":"max-image-preview:large","max-video-preview":"max-video-preview:-1"},"canonical":"https:\/\/fixpaletta.hu\/de\/dienstleistungen\/","og_locale":"de_DE","og_type":"article","og_title":"Dienstleistungen | Fix-Paletta Hungary Kft.","og_description":"[vc_row type=&#8220;in_container&#8220; full_screen_row_position=&#8220;middle&#8220; column_margin=&#8220;default&#8220; equal_height=&#8220;yes&#8220; column_direction=&#8220;default&#8220; column_direction_tablet=&#8220;default&#8220; column_direction_phone=&#8220;default&#8220; scene_position=&#8220;center&#8220; top_padding=&#8220;80&#8243; bottom_padding=&#8220;60&#8243; top_padding_tablet=&#8220;60&#8243; bottom_padding_tablet=&#8220;60&#8243; top_padding_phone=&#8220;60&#8243; constrain_group_5=&#8220;yes&#8220; bottom_padding_phone=&#8220;60&#8243; text_color=&#8220;dark&#8220; text_align=&#8220;left&#8220; row_border_radius=&#8220;none&#8220; row_border_radius_applies=&#8220;bg&#8220; overflow=&#8220;visible&#8220; overlay_strength=&#8220;0.3&#8243; gradient_direction=&#8220;left_to_right&#8220; shape_divider_position=&#8220;bottom&#8220; bg_image_animation=&#8220;none&#8220; gradient_type=&#8220;default&#8220; shape_type=&#8220;&#8220;][vc_column column_padding=&#8220;padding-4-percent&#8220; column_padding_tablet=&#8220;padding-3-percent&#8220; column_padding_phone=&#8220;padding-3-percent&#8220;...","og_url":"https:\/\/fixpaletta.hu\/de\/dienstleistungen\/","og_site_name":"Fix-Paletta Hungary Kft.","article_modified_time":"2023-04-26T19:43:51+00:00","og_image":[{"width":1400,"height":858,"url":"https:\/\/fixpaletta.hu\/wp-content\/uploads\/2023\/04\/fix-paletta-siteimg.jpg","type":"image\/jpeg"}],"twitter_card":"summary_large_image","twitter_misc":{"Gesch\u00e4tzte Lesezeit":"2\u00a0Minuten"},"schema":{"@context":"https:\/\/schema.org","@graph":[{"@type":"WebPage","@id":"https:\/\/fixpaletta.hu\/de\/dienstleistungen\/","url":"https:\/\/fixpaletta.hu\/de\/dienstleistungen\/","name":"Dienstleistungen | Fix-Paletta Hungary Kft.","isPartOf":{"@id":"https:\/\/fixpaletta.hu\/de\/#website"},"datePublished":"2023-04-05T19:11:32+00:00","dateModified":"2023-04-26T19:43:51+00:00","breadcrumb":{"@id":"https:\/\/fixpaletta.hu\/de\/dienstleistungen\/#breadcrumb"},"inLanguage":"de","potentialAction":[{"@type":"ReadAction","target":["https:\/\/fixpaletta.hu\/de\/dienstleistungen\/"]}]},{"@type":"BreadcrumbList","@id":"https:\/\/fixpaletta.hu\/de\/dienstleistungen\/#breadcrumb","itemListElement":[{"@type":"ListItem","position":1,"name":"Kezd\u0151lap","item":"https:\/\/fixpaletta.hu\/de\/"},{"@type":"ListItem","position":2,"name":"Dienstleistungen"}]},{"@type":"WebSite","@id":"https:\/\/fixpaletta.hu\/de\/#website","url":"https:\/\/fixpaletta.hu\/de\/","name":"Fix-Paletta Hungary Kft.","description":"Haszn\u00e1lt raklap ad\u00e1s-v\u00e9tel \u00e9s jav\u00edt\u00e1s","publisher":{"@id":"https:\/\/fixpaletta.hu\/de\/#organization"},"potentialAction":[{"@type":"SearchAction","target":{"@type":"EntryPoint","urlTemplate":"https:\/\/fixpaletta.hu\/de\/?s={search_term_string}"},"query-input":"required name=search_term_string"}],"inLanguage":"de"},{"@type":"Organization","@id":"https:\/\/fixpaletta.hu\/de\/#organization","name":"Fix-Paletta Hungary Kft.","url":"https:\/\/fixpaletta.hu\/de\/","logo":{"@type":"ImageObject","inLanguage":"de","@id":"https:\/\/fixpaletta.hu\/de\/#\/schema\/logo\/image\/","url":"https:\/\/fixpaletta.hu\/wp-content\/uploads\/2023\/04\/fix-paletta-logo-retina.png","contentUrl":"https:\/\/fixpaletta.hu\/wp-content\/uploads\/2023\/04\/fix-paletta-logo-retina.png","width":1280,"height":400,"caption":"Fix-Paletta Hungary Kft."},"image":{"@id":"https:\/\/fixpaletta.hu\/de\/#\/schema\/logo\/image\/"}}]}},"_links":{"self":[{"href":"https:\/\/fixpaletta.hu\/de\/wp-json\/wp\/v2\/pages\/228","targetHints":{"allow":["GET"]}}],"collection":[{"href":"https:\/\/fixpaletta.hu\/de\/wp-json\/wp\/v2\/pages"}],"about":[{"href":"https:\/\/fixpaletta.hu\/de\/wp-json\/wp\/v2\/types\/page"}],"author":[{"embeddable":true,"href":"https:\/\/fixpaletta.hu\/de\/wp-json\/wp\/v2\/users\/1"}],"replies":[{"embeddable":true,"href":"https:\/\/fixpaletta.hu\/de\/wp-json\/wp\/v2\/comments?post=228"}],"version-history":[{"count":1,"href":"https:\/\/fixpaletta.hu\/de\/wp-json\/wp\/v2\/pages\/228\/revisions"}],"predecessor-version":[{"id":230,"href":"https:\/\/fixpaletta.hu\/de\/wp-json\/wp\/v2\/pages\/228\/revisions\/230"}],"wp:attachment":[{"href":"https:\/\/fixpaletta.hu\/de\/wp-json\/wp\/v2\/media?parent=228"}],"curies":[{"name":"wp","href":"https:\/\/api.w.org\/{rel}","templated":true}]}}