{"id":236,"date":"2023-04-05T21:11:06","date_gmt":"2023-04-05T19:11:06","guid":{"rendered":"https:\/\/fixpaletta.hu\/rolunk\/"},"modified":"2023-04-26T21:56:21","modified_gmt":"2023-04-26T19:56:21","slug":"ueber-uns","status":"publish","type":"page","link":"https:\/\/fixpaletta.hu\/de\/ueber-uns\/","title":{"rendered":"\u00dcber uns"},"content":{"rendered":"[vc_row type=&#8220;in_container&#8220; full_screen_row_position=&#8220;middle&#8220; column_margin=&#8220;default&#8220; equal_height=&#8220;yes&#8220; content_placement=&#8220;middle&#8220; column_direction=&#8220;default&#8220; column_direction_tablet=&#8220;default&#8220; column_direction_phone=&#8220;default&#8220; scene_position=&#8220;center&#8220; top_padding=&#8220;80&#8243; bottom_padding=&#8220;80&#8243; top_padding_phone=&#8220;60&#8243; bottom_padding_phone=&#8220;60&#8243; text_color=&#8220;dark&#8220; text_align=&#8220;left&#8220; row_border_radius=&#8220;none&#8220; row_border_radius_applies=&#8220;bg&#8220; overflow=&#8220;visible&#8220; overlay_strength=&#8220;0.3&#8243; gradient_direction=&#8220;left_to_right&#8220; shape_divider_position=&#8220;bottom&#8220; bg_image_animation=&#8220;none&#8220; gradient_type=&#8220;default&#8220; shape_type=&#8220;&#8220;][vc_column column_padding=&#8220;no-extra-padding&#8220; column_padding_tablet=&#8220;inherit&#8220; column_padding_phone=&#8220;inherit&#8220; column_padding_position=&#8220;all&#8220; column_element_direction_desktop=&#8220;default&#8220; column_element_spacing=&#8220;default&#8220; desktop_text_alignment=&#8220;default&#8220; tablet_text_alignment=&#8220;default&#8220; phone_text_alignment=&#8220;default&#8220; background_color_opacity=&#8220;1&#8243; background_hover_color_opacity=&#8220;1&#8243; background_image=&#8220;102&#8243; background_image_position=&#8220;center center&#8220; background_image_stacking=&#8220;default&#8220; enable_bg_scale=&#8220;true&#8220; background_image_loading=&#8220;default&#8220; column_backdrop_filter=&#8220;none&#8220; column_shadow=&#8220;none&#8220; column_border_radius=&#8220;none&#8220; column_link_target=&#8220;_self&#8220; column_position=&#8220;default&#8220; gradient_direction=&#8220;left_to_right&#8220; overlay_strength=&#8220;0.3&#8243; width=&#8220;1\/2&#8243; tablet_width_inherit=&#8220;default&#8220; animation_type=&#8220;default&#8220; bg_image_animation=&#8220;none&#8220; border_type=&#8220;simple&#8220; column_border_width=&#8220;none&#8220; column_border_style=&#8220;solid&#8220; column_padding_type=&#8220;default&#8220; gradient_type=&#8220;default&#8220;][divider line_type=&#8220;No Line&#8220; custom_height=&#8220;400&#8243;][\/vc_column][vc_column column_padding=&#8220;padding-2-percent&#8220; column_padding_tablet=&#8220;no-extra-padding&#8220; column_padding_phone=&#8220;no-extra-padding&#8220; column_padding_position=&#8220;all&#8220; column_element_direction_desktop=&#8220;default&#8220; column_element_spacing=&#8220;default&#8220; desktop_text_alignment=&#8220;default&#8220; tablet_text_alignment=&#8220;default&#8220; phone_text_alignment=&#8220;default&#8220; background_color_opacity=&#8220;1&#8243; background_hover_color_opacity=&#8220;1&#8243; column_backdrop_filter=&#8220;none&#8220; column_shadow=&#8220;none&#8220; column_border_radius=&#8220;none&#8220; column_link_target=&#8220;_self&#8220; column_position=&#8220;default&#8220; gradient_direction=&#8220;left_to_right&#8220; overlay_strength=&#8220;0.3&#8243; width=&#8220;1\/2&#8243; tablet_width_inherit=&#8220;default&#8220; animation_type=&#8220;default&#8220; bg_image_animation=&#8220;none&#8220; border_type=&#8220;simple&#8220; column_border_width=&#8220;none&#8220; column_border_style=&#8220;solid&#8220; column_padding_type=&#8220;default&#8220; gradient_type=&#8220;default&#8220;][vc_column_text]\n<h2><span style=\"color: #000000;\">Fix-Paletta Hungary Kft.<\/span><\/h2>\n[\/vc_column_text][divider line_type=&#8220;Small Line&#8220; line_alignment=&#8220;default&#8220; line_thickness=&#8220;8&#8243; divider_color=&#8220;accent-color&#8220; custom_line_width=&#8220;80&#8243; custom_height=&#8220;50&#8243;][vc_column_text]\n<h4>Wir sind seit 2007 im Palettenhandel t\u00e4tig.<\/h4>\n[\/vc_column_text][vc_column_text]\n<p class=\"p1\">Wir sind das Tochterunternehmen des \u00f6sterreichischen Unternehmens <strong><a href=\"http:\/\/www.wlc.co.at\/\" target=\"_blank\" rel=\"noopener\">Weiss Logistik Center<\/a><\/strong> BetriebsgmbH mit Zentrale in A-2355 Wiener Neudorf. Wir befassen uns haupts\u00e4chlich mit dem An- und Verkauf von <span class=\"s1\">gebrauchten Holzp<\/span>aletten und deren Sammlung. Wir bedienen unsere Partner von unseren beiden Hauptstandorten in Gy\u00e1l und Sopron aus. Neben den Europaletten\/EPAL Europaletten verf\u00fcgen wir auch \u00fcber eine breites Sortiment von gebrauchten Einwegpaletten. Der Vertrieb von Gitterboxen, H1-Kunststoffpaletten, E2 Fleischkisten und Klapprahmen geh\u00f6rt ebenfalls zu unserem T\u00e4tigkeitsbereich. Die Reparatur von EURO-PALETTEN lt. Norm &#8211; und Einwegpaletten sowie der Ankauf besch\u00e4digter Paletten geh\u00f6ren seit 2015 zu unserem Portfolio. Wir haben die M\u00c1V-REC Reparaturlizenz, welche uns berechtigt Reparaturen lt. Norm durchzuf\u00fchren. Dank unseres umfangreichen Kontaktnetzes sind wir im ganzen Land pr\u00e4sent.<\/p>\n<p class=\"p1\">Unsere Muttergesellschaft \u2013 WEISS LOGISTIK CENTER ist einer der gr\u00f6\u00dften Paletten-Logistik-Unternehmen im mitteleurop\u00e4ischen Raum. Mit 12 Niederlassungen in \u00d6sterreich, 10 Niederlassungen in Tschechien und Slowakei (<strong><a href=\"http:\/\/www.ptc.sk\" target=\"_blank\" rel=\"noopener\"><span class=\"s2\">www.ptc.sk<\/span><\/a><\/strong>) bzw. 2 Niederlassungen in Ungarn geh\u00f6ren wir zu den leistungsstarken Unternehmen im Handel mit Paletten in Mitteleuropa.<\/p>\n[\/vc_column_text][nectar_btn size=&#8220;medium&#8220; button_style=&#8220;regular&#8220; button_color_2=&#8220;Accent-Color&#8220; solid_text_color_override=&#8220;#000000&#8243; icon_family=&#8220;none&#8220; text=&#8220;Produkte&#8220; url=&#8220;https:\/\/fixpaletta.hu\/de\/produkte\/&#8220;][\/vc_column][\/vc_row]\n","protected":false},"excerpt":{"rendered":"<p>[vc_row type=&#8220;in_container&#8220; full_screen_row_position=&#8220;middle&#8220; column_margin=&#8220;default&#8220; equal_height=&#8220;yes&#8220; content_placement=&#8220;middle&#8220; column_direction=&#8220;default&#8220; column_direction_tablet=&#8220;default&#8220; column_direction_phone=&#8220;default&#8220; scene_position=&#8220;center&#8220; top_padding=&#8220;80&#8243; bottom_padding=&#8220;80&#8243; top_padding_phone=&#8220;60&#8243; bottom_padding_phone=&#8220;60&#8243; text_color=&#8220;dark&#8220; text_align=&#8220;left&#8220; row_border_radius=&#8220;none&#8220; row_border_radius_applies=&#8220;bg&#8220; overflow=&#8220;visible&#8220; overlay_strength=&#8220;0.3&#8243; gradient_direction=&#8220;left_to_right&#8220; shape_divider_position=&#8220;bottom&#8220; bg_image_animation=&#8220;none&#8220; gradient_type=&#8220;default&#8220; shape_type=&#8220;&#8220;][vc_column column_padding=&#8220;no-extra-padding&#8220; column_padding_tablet=&#8220;inherit&#8220; column_padding_phone=&#8220;inherit&#8220; column_padding_position=&#8220;all&#8220; column_element_direction_desktop=&#8220;default&#8220;&#8230;<\/p>\n","protected":false},"author":1,"featured_media":0,"parent":0,"menu_order":0,"comment_status":"closed","ping_status":"closed","template":"","meta":{"footnotes":""},"class_list":["post-236","page","type-page","status-publish"],"yoast_head":"<!-- This site is optimized with the Yoast SEO plugin v20.6 - https:\/\/yoast.com\/wordpress\/plugins\/seo\/ -->\n<title>\u00dcber uns | Fix-Paletta Hungary Kft.<\/title>\n<meta name=\"robots\" content=\"index, follow, max-snippet:-1, max-image-preview:large, max-video-preview:-1\" \/>\n<link rel=\"canonical\" href=\"https:\/\/fixpaletta.hu\/de\/ueber-uns\/\" \/>\n<meta property=\"og:locale\" content=\"de_DE\" \/>\n<meta property=\"og:type\" content=\"article\" \/>\n<meta property=\"og:title\" content=\"\u00dcber uns | Fix-Paletta Hungary Kft.\" \/>\n<meta property=\"og:description\" content=\"[vc_row type=&#8220;in_container&#8220; full_screen_row_position=&#8220;middle&#8220; column_margin=&#8220;default&#8220; equal_height=&#8220;yes&#8220; content_placement=&#8220;middle&#8220; column_direction=&#8220;default&#8220; column_direction_tablet=&#8220;default&#8220; column_direction_phone=&#8220;default&#8220; scene_position=&#8220;center&#8220; top_padding=&#8220;80&#8243; bottom_padding=&#8220;80&#8243; top_padding_phone=&#8220;60&#8243; bottom_padding_phone=&#8220;60&#8243; text_color=&#8220;dark&#8220; text_align=&#8220;left&#8220; row_border_radius=&#8220;none&#8220; row_border_radius_applies=&#8220;bg&#8220; overflow=&#8220;visible&#8220; overlay_strength=&#8220;0.3&#8243; gradient_direction=&#8220;left_to_right&#8220; shape_divider_position=&#8220;bottom&#8220; bg_image_animation=&#8220;none&#8220; gradient_type=&#8220;default&#8220; shape_type=&#8220;&#8220;][vc_column column_padding=&#8220;no-extra-padding&#8220; column_padding_tablet=&#8220;inherit&#8220; column_padding_phone=&#8220;inherit&#8220; column_padding_position=&#8220;all&#8220; column_element_direction_desktop=&#8220;default&#8220;...\" \/>\n<meta property=\"og:url\" content=\"https:\/\/fixpaletta.hu\/de\/ueber-uns\/\" \/>\n<meta property=\"og:site_name\" content=\"Fix-Paletta Hungary Kft.\" \/>\n<meta property=\"article:modified_time\" content=\"2023-04-26T19:56:21+00:00\" \/>\n<meta property=\"og:image\" content=\"https:\/\/fixpaletta.hu\/wp-content\/uploads\/2023\/04\/fix-paletta-siteimg.jpg\" \/>\n\t<meta property=\"og:image:width\" content=\"1400\" \/>\n\t<meta property=\"og:image:height\" content=\"858\" \/>\n\t<meta property=\"og:image:type\" content=\"image\/jpeg\" \/>\n<meta name=\"twitter:card\" content=\"summary_large_image\" \/>\n<meta name=\"twitter:label1\" content=\"Gesch\u00e4tzte Lesezeit\" \/>\n\t<meta name=\"twitter:data1\" content=\"2\u00a0Minuten\" \/>\n<script type=\"application\/ld+json\" class=\"yoast-schema-graph\">{\"@context\":\"https:\/\/schema.org\",\"@graph\":[{\"@type\":\"WebPage\",\"@id\":\"https:\/\/fixpaletta.hu\/de\/ueber-uns\/\",\"url\":\"https:\/\/fixpaletta.hu\/de\/ueber-uns\/\",\"name\":\"\u00dcber uns | Fix-Paletta Hungary Kft.\",\"isPartOf\":{\"@id\":\"https:\/\/fixpaletta.hu\/de\/#website\"},\"datePublished\":\"2023-04-05T19:11:06+00:00\",\"dateModified\":\"2023-04-26T19:56:21+00:00\",\"breadcrumb\":{\"@id\":\"https:\/\/fixpaletta.hu\/de\/ueber-uns\/#breadcrumb\"},\"inLanguage\":\"de\",\"potentialAction\":[{\"@type\":\"ReadAction\",\"target\":[\"https:\/\/fixpaletta.hu\/de\/ueber-uns\/\"]}]},{\"@type\":\"BreadcrumbList\",\"@id\":\"https:\/\/fixpaletta.hu\/de\/ueber-uns\/#breadcrumb\",\"itemListElement\":[{\"@type\":\"ListItem\",\"position\":1,\"name\":\"Kezd\u0151lap\",\"item\":\"https:\/\/fixpaletta.hu\/de\/\"},{\"@type\":\"ListItem\",\"position\":2,\"name\":\"\u00dcber uns\"}]},{\"@type\":\"WebSite\",\"@id\":\"https:\/\/fixpaletta.hu\/de\/#website\",\"url\":\"https:\/\/fixpaletta.hu\/de\/\",\"name\":\"Fix-Paletta Hungary Kft.\",\"description\":\"Haszn\u00e1lt raklap ad\u00e1s-v\u00e9tel \u00e9s jav\u00edt\u00e1s\",\"publisher\":{\"@id\":\"https:\/\/fixpaletta.hu\/de\/#organization\"},\"potentialAction\":[{\"@type\":\"SearchAction\",\"target\":{\"@type\":\"EntryPoint\",\"urlTemplate\":\"https:\/\/fixpaletta.hu\/de\/?s={search_term_string}\"},\"query-input\":\"required name=search_term_string\"}],\"inLanguage\":\"de\"},{\"@type\":\"Organization\",\"@id\":\"https:\/\/fixpaletta.hu\/de\/#organization\",\"name\":\"Fix-Paletta Hungary Kft.\",\"url\":\"https:\/\/fixpaletta.hu\/de\/\",\"logo\":{\"@type\":\"ImageObject\",\"inLanguage\":\"de\",\"@id\":\"https:\/\/fixpaletta.hu\/de\/#\/schema\/logo\/image\/\",\"url\":\"https:\/\/fixpaletta.hu\/wp-content\/uploads\/2023\/04\/fix-paletta-logo-retina.png\",\"contentUrl\":\"https:\/\/fixpaletta.hu\/wp-content\/uploads\/2023\/04\/fix-paletta-logo-retina.png\",\"width\":1280,\"height\":400,\"caption\":\"Fix-Paletta Hungary Kft.\"},\"image\":{\"@id\":\"https:\/\/fixpaletta.hu\/de\/#\/schema\/logo\/image\/\"}}]}<\/script>\n<!-- \/ Yoast SEO plugin. -->","yoast_head_json":{"title":"\u00dcber uns | Fix-Paletta Hungary Kft.","robots":{"index":"index","follow":"follow","max-snippet":"max-snippet:-1","max-image-preview":"max-image-preview:large","max-video-preview":"max-video-preview:-1"},"canonical":"https:\/\/fixpaletta.hu\/de\/ueber-uns\/","og_locale":"de_DE","og_type":"article","og_title":"\u00dcber uns | Fix-Paletta Hungary Kft.","og_description":"[vc_row type=&#8220;in_container&#8220; full_screen_row_position=&#8220;middle&#8220; column_margin=&#8220;default&#8220; equal_height=&#8220;yes&#8220; content_placement=&#8220;middle&#8220; column_direction=&#8220;default&#8220; column_direction_tablet=&#8220;default&#8220; column_direction_phone=&#8220;default&#8220; scene_position=&#8220;center&#8220; top_padding=&#8220;80&#8243; bottom_padding=&#8220;80&#8243; top_padding_phone=&#8220;60&#8243; bottom_padding_phone=&#8220;60&#8243; text_color=&#8220;dark&#8220; text_align=&#8220;left&#8220; row_border_radius=&#8220;none&#8220; row_border_radius_applies=&#8220;bg&#8220; overflow=&#8220;visible&#8220; overlay_strength=&#8220;0.3&#8243; gradient_direction=&#8220;left_to_right&#8220; shape_divider_position=&#8220;bottom&#8220; bg_image_animation=&#8220;none&#8220; gradient_type=&#8220;default&#8220; shape_type=&#8220;&#8220;][vc_column column_padding=&#8220;no-extra-padding&#8220; column_padding_tablet=&#8220;inherit&#8220; column_padding_phone=&#8220;inherit&#8220; column_padding_position=&#8220;all&#8220; column_element_direction_desktop=&#8220;default&#8220;...","og_url":"https:\/\/fixpaletta.hu\/de\/ueber-uns\/","og_site_name":"Fix-Paletta Hungary Kft.","article_modified_time":"2023-04-26T19:56:21+00:00","og_image":[{"width":1400,"height":858,"url":"https:\/\/fixpaletta.hu\/wp-content\/uploads\/2023\/04\/fix-paletta-siteimg.jpg","type":"image\/jpeg"}],"twitter_card":"summary_large_image","twitter_misc":{"Gesch\u00e4tzte Lesezeit":"2\u00a0Minuten"},"schema":{"@context":"https:\/\/schema.org","@graph":[{"@type":"WebPage","@id":"https:\/\/fixpaletta.hu\/de\/ueber-uns\/","url":"https:\/\/fixpaletta.hu\/de\/ueber-uns\/","name":"\u00dcber uns | Fix-Paletta Hungary Kft.","isPartOf":{"@id":"https:\/\/fixpaletta.hu\/de\/#website"},"datePublished":"2023-04-05T19:11:06+00:00","dateModified":"2023-04-26T19:56:21+00:00","breadcrumb":{"@id":"https:\/\/fixpaletta.hu\/de\/ueber-uns\/#breadcrumb"},"inLanguage":"de","potentialAction":[{"@type":"ReadAction","target":["https:\/\/fixpaletta.hu\/de\/ueber-uns\/"]}]},{"@type":"BreadcrumbList","@id":"https:\/\/fixpaletta.hu\/de\/ueber-uns\/#breadcrumb","itemListElement":[{"@type":"ListItem","position":1,"name":"Kezd\u0151lap","item":"https:\/\/fixpaletta.hu\/de\/"},{"@type":"ListItem","position":2,"name":"\u00dcber uns"}]},{"@type":"WebSite","@id":"https:\/\/fixpaletta.hu\/de\/#website","url":"https:\/\/fixpaletta.hu\/de\/","name":"Fix-Paletta Hungary Kft.","description":"Haszn\u00e1lt raklap ad\u00e1s-v\u00e9tel \u00e9s jav\u00edt\u00e1s","publisher":{"@id":"https:\/\/fixpaletta.hu\/de\/#organization"},"potentialAction":[{"@type":"SearchAction","target":{"@type":"EntryPoint","urlTemplate":"https:\/\/fixpaletta.hu\/de\/?s={search_term_string}"},"query-input":"required name=search_term_string"}],"inLanguage":"de"},{"@type":"Organization","@id":"https:\/\/fixpaletta.hu\/de\/#organization","name":"Fix-Paletta Hungary Kft.","url":"https:\/\/fixpaletta.hu\/de\/","logo":{"@type":"ImageObject","inLanguage":"de","@id":"https:\/\/fixpaletta.hu\/de\/#\/schema\/logo\/image\/","url":"https:\/\/fixpaletta.hu\/wp-content\/uploads\/2023\/04\/fix-paletta-logo-retina.png","contentUrl":"https:\/\/fixpaletta.hu\/wp-content\/uploads\/2023\/04\/fix-paletta-logo-retina.png","width":1280,"height":400,"caption":"Fix-Paletta Hungary Kft."},"image":{"@id":"https:\/\/fixpaletta.hu\/de\/#\/schema\/logo\/image\/"}}]}},"_links":{"self":[{"href":"https:\/\/fixpaletta.hu\/de\/wp-json\/wp\/v2\/pages\/236","targetHints":{"allow":["GET"]}}],"collection":[{"href":"https:\/\/fixpaletta.hu\/de\/wp-json\/wp\/v2\/pages"}],"about":[{"href":"https:\/\/fixpaletta.hu\/de\/wp-json\/wp\/v2\/types\/page"}],"author":[{"embeddable":true,"href":"https:\/\/fixpaletta.hu\/de\/wp-json\/wp\/v2\/users\/1"}],"replies":[{"embeddable":true,"href":"https:\/\/fixpaletta.hu\/de\/wp-json\/wp\/v2\/comments?post=236"}],"version-history":[{"count":2,"href":"https:\/\/fixpaletta.hu\/de\/wp-json\/wp\/v2\/pages\/236\/revisions"}],"predecessor-version":[{"id":238,"href":"https:\/\/fixpaletta.hu\/de\/wp-json\/wp\/v2\/pages\/236\/revisions\/238"}],"wp:attachment":[{"href":"https:\/\/fixpaletta.hu\/de\/wp-json\/wp\/v2\/media?parent=236"}],"curies":[{"name":"wp","href":"https:\/\/api.w.org\/{rel}","templated":true}]}}