{"id":243,"date":"2023-04-05T21:10:10","date_gmt":"2023-04-05T19:10:10","guid":{"rendered":"https:\/\/fixpaletta.hu\/impresszum\/"},"modified":"2023-04-26T22:07:15","modified_gmt":"2023-04-26T20:07:15","slug":"impressum","status":"publish","type":"page","link":"https:\/\/fixpaletta.hu\/de\/impressum\/","title":{"rendered":"Impressum"},"content":{"rendered":"<h2 style=\"text-align: center;\"><span style=\"color: #000000;\">Impressum<\/span><\/h2>\n<p style=\"text-align: center;\"><strong>Fix-Paletta Hungary Kft.<\/strong><\/p>\n<p style=\"text-align: center;\">Hauptquartier: 9200 Mosonmagyar\u00f3v\u00e1r, \u00c1chim A. utca 2\/A.<br \/>\nHandelsregisternummer: 08-09-014720<br \/>\nSteuernummer: 13901860-2-08<br \/>\nEmail: sz.fenyes@fixpal.hu<\/p>\n<h3 style=\"text-align: center;\"><span style=\"color: #000000;\">Hosting-Anbieter<\/span><\/h3>\n<p style=\"text-align: center;\"><em><span class=\"s1\">T\u00e1rhely.Eu Szolg\u00e1ltat\u00f3 Kft.\u00a0<\/span><\/em><em><span class=\"s1\">(hauptquartier: 1097 Budapest, K\u00f6nyves K\u00e1lm\u00e1n k\u00f6r\u00fat 12-14 , h<\/span><\/em><em><span class=\"s1\">andelsregisternummer: 01-09-909968, steuernummer: 14571332-2-42).<\/span><\/em><\/p>\n","protected":false},"excerpt":{"rendered":"<p>Impressum Fix-Paletta Hungary Kft. Hauptquartier: 9200 Mosonmagyar\u00f3v\u00e1r, \u00c1chim A. utca 2\/A. Handelsregisternummer: 08-09-014720 Steuernummer: 13901860-2-08 Email: sz.fenyes@fixpal.hu Hosting-Anbieter T\u00e1rhely.Eu Szolg\u00e1ltat\u00f3 Kft.\u00a0(hauptquartier: 1097 Budapest, K\u00f6nyves K\u00e1lm\u00e1n k\u00f6r\u00fat 12-14 , handelsregisternummer: 01-09-909968,&#8230;<\/p>\n","protected":false},"author":1,"featured_media":0,"parent":0,"menu_order":0,"comment_status":"closed","ping_status":"closed","template":"","meta":{"footnotes":""},"class_list":["post-243","page","type-page","status-publish"],"yoast_head":"<!-- This site is optimized with the Yoast SEO plugin v20.6 - https:\/\/yoast.com\/wordpress\/plugins\/seo\/ -->\n<title>Impressum | Fix-Paletta Hungary Kft.<\/title>\n<meta name=\"robots\" content=\"index, follow, max-snippet:-1, max-image-preview:large, max-video-preview:-1\" \/>\n<link rel=\"canonical\" href=\"https:\/\/fixpaletta.hu\/de\/impressum\/\" \/>\n<meta property=\"og:locale\" content=\"de_DE\" \/>\n<meta property=\"og:type\" content=\"article\" \/>\n<meta property=\"og:title\" content=\"Impressum | Fix-Paletta Hungary Kft.\" \/>\n<meta property=\"og:description\" content=\"Impressum Fix-Paletta Hungary Kft. Hauptquartier: 9200 Mosonmagyar\u00f3v\u00e1r, \u00c1chim A. utca 2\/A. Handelsregisternummer: 08-09-014720 Steuernummer: 13901860-2-08 Email: sz.fenyes@fixpal.hu Hosting-Anbieter T\u00e1rhely.Eu Szolg\u00e1ltat\u00f3 Kft.\u00a0(hauptquartier: 1097 Budapest, K\u00f6nyves K\u00e1lm\u00e1n k\u00f6r\u00fat 12-14 , handelsregisternummer: 01-09-909968,...\" \/>\n<meta property=\"og:url\" content=\"https:\/\/fixpaletta.hu\/de\/impressum\/\" \/>\n<meta property=\"og:site_name\" content=\"Fix-Paletta Hungary Kft.\" \/>\n<meta property=\"article:modified_time\" content=\"2023-04-26T20:07:15+00:00\" \/>\n<meta property=\"og:image\" content=\"https:\/\/fixpaletta.hu\/wp-content\/uploads\/2023\/04\/fix-paletta-siteimg.jpg\" \/>\n\t<meta property=\"og:image:width\" content=\"1400\" \/>\n\t<meta property=\"og:image:height\" content=\"858\" \/>\n\t<meta property=\"og:image:type\" content=\"image\/jpeg\" \/>\n<meta name=\"twitter:card\" content=\"summary_large_image\" \/>\n<meta name=\"twitter:label1\" content=\"Gesch\u00e4tzte Lesezeit\" \/>\n\t<meta name=\"twitter:data1\" content=\"1\u00a0Minute\" \/>\n<script type=\"application\/ld+json\" class=\"yoast-schema-graph\">{\"@context\":\"https:\/\/schema.org\",\"@graph\":[{\"@type\":\"WebPage\",\"@id\":\"https:\/\/fixpaletta.hu\/de\/impressum\/\",\"url\":\"https:\/\/fixpaletta.hu\/de\/impressum\/\",\"name\":\"Impressum | Fix-Paletta Hungary Kft.\",\"isPartOf\":{\"@id\":\"https:\/\/fixpaletta.hu\/de\/#website\"},\"datePublished\":\"2023-04-05T19:10:10+00:00\",\"dateModified\":\"2023-04-26T20:07:15+00:00\",\"breadcrumb\":{\"@id\":\"https:\/\/fixpaletta.hu\/de\/impressum\/#breadcrumb\"},\"inLanguage\":\"de\",\"potentialAction\":[{\"@type\":\"ReadAction\",\"target\":[\"https:\/\/fixpaletta.hu\/de\/impressum\/\"]}]},{\"@type\":\"BreadcrumbList\",\"@id\":\"https:\/\/fixpaletta.hu\/de\/impressum\/#breadcrumb\",\"itemListElement\":[{\"@type\":\"ListItem\",\"position\":1,\"name\":\"Kezd\u0151lap\",\"item\":\"https:\/\/fixpaletta.hu\/de\/\"},{\"@type\":\"ListItem\",\"position\":2,\"name\":\"Impressum\"}]},{\"@type\":\"WebSite\",\"@id\":\"https:\/\/fixpaletta.hu\/de\/#website\",\"url\":\"https:\/\/fixpaletta.hu\/de\/\",\"name\":\"Fix-Paletta Hungary Kft.\",\"description\":\"Haszn\u00e1lt raklap ad\u00e1s-v\u00e9tel \u00e9s jav\u00edt\u00e1s\",\"publisher\":{\"@id\":\"https:\/\/fixpaletta.hu\/de\/#organization\"},\"potentialAction\":[{\"@type\":\"SearchAction\",\"target\":{\"@type\":\"EntryPoint\",\"urlTemplate\":\"https:\/\/fixpaletta.hu\/de\/?s={search_term_string}\"},\"query-input\":\"required name=search_term_string\"}],\"inLanguage\":\"de\"},{\"@type\":\"Organization\",\"@id\":\"https:\/\/fixpaletta.hu\/de\/#organization\",\"name\":\"Fix-Paletta Hungary Kft.\",\"url\":\"https:\/\/fixpaletta.hu\/de\/\",\"logo\":{\"@type\":\"ImageObject\",\"inLanguage\":\"de\",\"@id\":\"https:\/\/fixpaletta.hu\/de\/#\/schema\/logo\/image\/\",\"url\":\"https:\/\/fixpaletta.hu\/wp-content\/uploads\/2023\/04\/fix-paletta-logo-retina.png\",\"contentUrl\":\"https:\/\/fixpaletta.hu\/wp-content\/uploads\/2023\/04\/fix-paletta-logo-retina.png\",\"width\":1280,\"height\":400,\"caption\":\"Fix-Paletta Hungary Kft.\"},\"image\":{\"@id\":\"https:\/\/fixpaletta.hu\/de\/#\/schema\/logo\/image\/\"}}]}<\/script>\n<!-- \/ Yoast SEO plugin. -->","yoast_head_json":{"title":"Impressum | Fix-Paletta Hungary Kft.","robots":{"index":"index","follow":"follow","max-snippet":"max-snippet:-1","max-image-preview":"max-image-preview:large","max-video-preview":"max-video-preview:-1"},"canonical":"https:\/\/fixpaletta.hu\/de\/impressum\/","og_locale":"de_DE","og_type":"article","og_title":"Impressum | Fix-Paletta Hungary Kft.","og_description":"Impressum Fix-Paletta Hungary Kft. Hauptquartier: 9200 Mosonmagyar\u00f3v\u00e1r, \u00c1chim A. utca 2\/A. Handelsregisternummer: 08-09-014720 Steuernummer: 13901860-2-08 Email: sz.fenyes@fixpal.hu Hosting-Anbieter T\u00e1rhely.Eu Szolg\u00e1ltat\u00f3 Kft.\u00a0(hauptquartier: 1097 Budapest, K\u00f6nyves K\u00e1lm\u00e1n k\u00f6r\u00fat 12-14 , handelsregisternummer: 01-09-909968,...","og_url":"https:\/\/fixpaletta.hu\/de\/impressum\/","og_site_name":"Fix-Paletta Hungary Kft.","article_modified_time":"2023-04-26T20:07:15+00:00","og_image":[{"width":1400,"height":858,"url":"https:\/\/fixpaletta.hu\/wp-content\/uploads\/2023\/04\/fix-paletta-siteimg.jpg","type":"image\/jpeg"}],"twitter_card":"summary_large_image","twitter_misc":{"Gesch\u00e4tzte Lesezeit":"1\u00a0Minute"},"schema":{"@context":"https:\/\/schema.org","@graph":[{"@type":"WebPage","@id":"https:\/\/fixpaletta.hu\/de\/impressum\/","url":"https:\/\/fixpaletta.hu\/de\/impressum\/","name":"Impressum | Fix-Paletta Hungary Kft.","isPartOf":{"@id":"https:\/\/fixpaletta.hu\/de\/#website"},"datePublished":"2023-04-05T19:10:10+00:00","dateModified":"2023-04-26T20:07:15+00:00","breadcrumb":{"@id":"https:\/\/fixpaletta.hu\/de\/impressum\/#breadcrumb"},"inLanguage":"de","potentialAction":[{"@type":"ReadAction","target":["https:\/\/fixpaletta.hu\/de\/impressum\/"]}]},{"@type":"BreadcrumbList","@id":"https:\/\/fixpaletta.hu\/de\/impressum\/#breadcrumb","itemListElement":[{"@type":"ListItem","position":1,"name":"Kezd\u0151lap","item":"https:\/\/fixpaletta.hu\/de\/"},{"@type":"ListItem","position":2,"name":"Impressum"}]},{"@type":"WebSite","@id":"https:\/\/fixpaletta.hu\/de\/#website","url":"https:\/\/fixpaletta.hu\/de\/","name":"Fix-Paletta Hungary Kft.","description":"Haszn\u00e1lt raklap ad\u00e1s-v\u00e9tel \u00e9s jav\u00edt\u00e1s","publisher":{"@id":"https:\/\/fixpaletta.hu\/de\/#organization"},"potentialAction":[{"@type":"SearchAction","target":{"@type":"EntryPoint","urlTemplate":"https:\/\/fixpaletta.hu\/de\/?s={search_term_string}"},"query-input":"required name=search_term_string"}],"inLanguage":"de"},{"@type":"Organization","@id":"https:\/\/fixpaletta.hu\/de\/#organization","name":"Fix-Paletta Hungary Kft.","url":"https:\/\/fixpaletta.hu\/de\/","logo":{"@type":"ImageObject","inLanguage":"de","@id":"https:\/\/fixpaletta.hu\/de\/#\/schema\/logo\/image\/","url":"https:\/\/fixpaletta.hu\/wp-content\/uploads\/2023\/04\/fix-paletta-logo-retina.png","contentUrl":"https:\/\/fixpaletta.hu\/wp-content\/uploads\/2023\/04\/fix-paletta-logo-retina.png","width":1280,"height":400,"caption":"Fix-Paletta Hungary Kft."},"image":{"@id":"https:\/\/fixpaletta.hu\/de\/#\/schema\/logo\/image\/"}}]}},"_links":{"self":[{"href":"https:\/\/fixpaletta.hu\/de\/wp-json\/wp\/v2\/pages\/243","targetHints":{"allow":["GET"]}}],"collection":[{"href":"https:\/\/fixpaletta.hu\/de\/wp-json\/wp\/v2\/pages"}],"about":[{"href":"https:\/\/fixpaletta.hu\/de\/wp-json\/wp\/v2\/types\/page"}],"author":[{"embeddable":true,"href":"https:\/\/fixpaletta.hu\/de\/wp-json\/wp\/v2\/users\/1"}],"replies":[{"embeddable":true,"href":"https:\/\/fixpaletta.hu\/de\/wp-json\/wp\/v2\/comments?post=243"}],"version-history":[{"count":3,"href":"https:\/\/fixpaletta.hu\/de\/wp-json\/wp\/v2\/pages\/243\/revisions"}],"predecessor-version":[{"id":250,"href":"https:\/\/fixpaletta.hu\/de\/wp-json\/wp\/v2\/pages\/243\/revisions\/250"}],"wp:attachment":[{"href":"https:\/\/fixpaletta.hu\/de\/wp-json\/wp\/v2\/media?parent=243"}],"curies":[{"name":"wp","href":"https:\/\/api.w.org\/{rel}","templated":true}]}}