{"id":242,"date":"2023-04-05T21:10:10","date_gmt":"2023-04-05T19:10:10","guid":{"rendered":"https:\/\/fixpaletta.hu\/impresszum\/"},"modified":"2023-04-26T22:05:59","modified_gmt":"2023-04-26T20:05:59","slug":"impresszum","status":"publish","type":"page","link":"https:\/\/fixpaletta.hu\/en\/impresszum\/","title":{"rendered":"Impress"},"content":{"rendered":"<h2 style=\"text-align: center;\"><span style=\"color: #000000;\">Impress<\/span><\/h2>\n<p style=\"text-align: center;\"><strong>Fix-Paletta Hungary Kft.<\/strong><\/p>\n<p style=\"text-align: center;\">Head office: 9200 Mosonmagyar\u00f3v\u00e1r, \u00c1chim A. utca 2\/A.<br \/>\nRegistration number: 08-09-014720<br \/>\nTax number: 13901860-2-08<br \/>\nEmail: sz.fenyes@fixpal.hu<\/p>\n<h3 style=\"text-align: center;\"><span style=\"color: #000000;\">Hosting<\/span><\/h3>\n<p style=\"text-align: center;\"><em><span class=\"s1\">T\u00e1rhely.Eu Szolg\u00e1ltat\u00f3 Kft.\u00a0<\/span><\/em><em><span class=\"s1\">(head office: 1097 Budapest, K\u00f6nyves K\u00e1lm\u00e1n k\u00f6r\u00fat 12-14 , <\/span><\/em><em><span class=\"s1\">registration number: 01-09-909968, tax number: 14571332-2-42).<\/span><\/em><\/p>\n","protected":false},"excerpt":{"rendered":"<p>Impress Fix-Paletta Hungary Kft. Head office: 9200 Mosonmagyar\u00f3v\u00e1r, \u00c1chim A. utca 2\/A. Registration number: 08-09-014720 Tax number: 13901860-2-08 Email: sz.fenyes@fixpal.hu Hosting T\u00e1rhely.Eu Szolg\u00e1ltat\u00f3 Kft.\u00a0(head office: 1097 Budapest, K\u00f6nyves K\u00e1lm\u00e1n k\u00f6r\u00fat&#8230;<\/p>\n","protected":false},"author":1,"featured_media":0,"parent":0,"menu_order":0,"comment_status":"closed","ping_status":"closed","template":"","meta":{"footnotes":""},"class_list":["post-242","page","type-page","status-publish"],"yoast_head":"<!-- This site is optimized with the Yoast SEO plugin v20.6 - https:\/\/yoast.com\/wordpress\/plugins\/seo\/ -->\n<title>Impress | Fix-Paletta Hungary Kft.<\/title>\n<meta name=\"robots\" content=\"index, follow, max-snippet:-1, max-image-preview:large, max-video-preview:-1\" \/>\n<link rel=\"canonical\" href=\"https:\/\/fixpaletta.hu\/en\/impresszum\/\" \/>\n<meta property=\"og:locale\" content=\"en_US\" \/>\n<meta property=\"og:type\" content=\"article\" \/>\n<meta property=\"og:title\" content=\"Impress | Fix-Paletta Hungary Kft.\" \/>\n<meta property=\"og:description\" content=\"Impress Fix-Paletta Hungary Kft. Head office: 9200 Mosonmagyar\u00f3v\u00e1r, \u00c1chim A. utca 2\/A. Registration number: 08-09-014720 Tax number: 13901860-2-08 Email: sz.fenyes@fixpal.hu Hosting T\u00e1rhely.Eu Szolg\u00e1ltat\u00f3 Kft.\u00a0(head office: 1097 Budapest, K\u00f6nyves K\u00e1lm\u00e1n k\u00f6r\u00fat...\" \/>\n<meta property=\"og:url\" content=\"https:\/\/fixpaletta.hu\/en\/impresszum\/\" \/>\n<meta property=\"og:site_name\" content=\"Fix-Paletta Hungary Kft.\" \/>\n<meta property=\"article:modified_time\" content=\"2023-04-26T20:05:59+00:00\" \/>\n<meta property=\"og:image\" content=\"https:\/\/fixpaletta.hu\/wp-content\/uploads\/2023\/04\/fix-paletta-siteimg.jpg\" \/>\n\t<meta property=\"og:image:width\" content=\"1400\" \/>\n\t<meta property=\"og:image:height\" content=\"858\" \/>\n\t<meta property=\"og:image:type\" content=\"image\/jpeg\" \/>\n<meta name=\"twitter:card\" content=\"summary_large_image\" \/>\n<meta name=\"twitter:label1\" content=\"Est. reading time\" \/>\n\t<meta name=\"twitter:data1\" content=\"1 minute\" \/>\n<script type=\"application\/ld+json\" class=\"yoast-schema-graph\">{\"@context\":\"https:\/\/schema.org\",\"@graph\":[{\"@type\":\"WebPage\",\"@id\":\"https:\/\/fixpaletta.hu\/en\/impresszum\/\",\"url\":\"https:\/\/fixpaletta.hu\/en\/impresszum\/\",\"name\":\"Impress | Fix-Paletta Hungary Kft.\",\"isPartOf\":{\"@id\":\"https:\/\/fixpaletta.hu\/en\/#website\"},\"datePublished\":\"2023-04-05T19:10:10+00:00\",\"dateModified\":\"2023-04-26T20:05:59+00:00\",\"breadcrumb\":{\"@id\":\"https:\/\/fixpaletta.hu\/en\/impresszum\/#breadcrumb\"},\"inLanguage\":\"en-US\",\"potentialAction\":[{\"@type\":\"ReadAction\",\"target\":[\"https:\/\/fixpaletta.hu\/en\/impresszum\/\"]}]},{\"@type\":\"BreadcrumbList\",\"@id\":\"https:\/\/fixpaletta.hu\/en\/impresszum\/#breadcrumb\",\"itemListElement\":[{\"@type\":\"ListItem\",\"position\":1,\"name\":\"Kezd\u0151lap\",\"item\":\"https:\/\/fixpaletta.hu\/en\/\"},{\"@type\":\"ListItem\",\"position\":2,\"name\":\"Impress\"}]},{\"@type\":\"WebSite\",\"@id\":\"https:\/\/fixpaletta.hu\/en\/#website\",\"url\":\"https:\/\/fixpaletta.hu\/en\/\",\"name\":\"Fix-Paletta Hungary Kft.\",\"description\":\"Haszn\u00e1lt raklap ad\u00e1s-v\u00e9tel \u00e9s jav\u00edt\u00e1s\",\"publisher\":{\"@id\":\"https:\/\/fixpaletta.hu\/en\/#organization\"},\"potentialAction\":[{\"@type\":\"SearchAction\",\"target\":{\"@type\":\"EntryPoint\",\"urlTemplate\":\"https:\/\/fixpaletta.hu\/en\/?s={search_term_string}\"},\"query-input\":\"required name=search_term_string\"}],\"inLanguage\":\"en-US\"},{\"@type\":\"Organization\",\"@id\":\"https:\/\/fixpaletta.hu\/en\/#organization\",\"name\":\"Fix-Paletta Hungary Kft.\",\"url\":\"https:\/\/fixpaletta.hu\/en\/\",\"logo\":{\"@type\":\"ImageObject\",\"inLanguage\":\"en-US\",\"@id\":\"https:\/\/fixpaletta.hu\/en\/#\/schema\/logo\/image\/\",\"url\":\"https:\/\/fixpaletta.hu\/wp-content\/uploads\/2023\/04\/fix-paletta-logo-retina.png\",\"contentUrl\":\"https:\/\/fixpaletta.hu\/wp-content\/uploads\/2023\/04\/fix-paletta-logo-retina.png\",\"width\":1280,\"height\":400,\"caption\":\"Fix-Paletta Hungary Kft.\"},\"image\":{\"@id\":\"https:\/\/fixpaletta.hu\/en\/#\/schema\/logo\/image\/\"}}]}<\/script>\n<!-- \/ Yoast SEO plugin. -->","yoast_head_json":{"title":"Impress | Fix-Paletta Hungary Kft.","robots":{"index":"index","follow":"follow","max-snippet":"max-snippet:-1","max-image-preview":"max-image-preview:large","max-video-preview":"max-video-preview:-1"},"canonical":"https:\/\/fixpaletta.hu\/en\/impresszum\/","og_locale":"en_US","og_type":"article","og_title":"Impress | Fix-Paletta Hungary Kft.","og_description":"Impress Fix-Paletta Hungary Kft. Head office: 9200 Mosonmagyar\u00f3v\u00e1r, \u00c1chim A. utca 2\/A. Registration number: 08-09-014720 Tax number: 13901860-2-08 Email: sz.fenyes@fixpal.hu Hosting T\u00e1rhely.Eu Szolg\u00e1ltat\u00f3 Kft.\u00a0(head office: 1097 Budapest, K\u00f6nyves K\u00e1lm\u00e1n k\u00f6r\u00fat...","og_url":"https:\/\/fixpaletta.hu\/en\/impresszum\/","og_site_name":"Fix-Paletta Hungary Kft.","article_modified_time":"2023-04-26T20:05:59+00:00","og_image":[{"width":1400,"height":858,"url":"https:\/\/fixpaletta.hu\/wp-content\/uploads\/2023\/04\/fix-paletta-siteimg.jpg","type":"image\/jpeg"}],"twitter_card":"summary_large_image","twitter_misc":{"Est. reading time":"1 minute"},"schema":{"@context":"https:\/\/schema.org","@graph":[{"@type":"WebPage","@id":"https:\/\/fixpaletta.hu\/en\/impresszum\/","url":"https:\/\/fixpaletta.hu\/en\/impresszum\/","name":"Impress | Fix-Paletta Hungary Kft.","isPartOf":{"@id":"https:\/\/fixpaletta.hu\/en\/#website"},"datePublished":"2023-04-05T19:10:10+00:00","dateModified":"2023-04-26T20:05:59+00:00","breadcrumb":{"@id":"https:\/\/fixpaletta.hu\/en\/impresszum\/#breadcrumb"},"inLanguage":"en-US","potentialAction":[{"@type":"ReadAction","target":["https:\/\/fixpaletta.hu\/en\/impresszum\/"]}]},{"@type":"BreadcrumbList","@id":"https:\/\/fixpaletta.hu\/en\/impresszum\/#breadcrumb","itemListElement":[{"@type":"ListItem","position":1,"name":"Kezd\u0151lap","item":"https:\/\/fixpaletta.hu\/en\/"},{"@type":"ListItem","position":2,"name":"Impress"}]},{"@type":"WebSite","@id":"https:\/\/fixpaletta.hu\/en\/#website","url":"https:\/\/fixpaletta.hu\/en\/","name":"Fix-Paletta Hungary Kft.","description":"Haszn\u00e1lt raklap ad\u00e1s-v\u00e9tel \u00e9s jav\u00edt\u00e1s","publisher":{"@id":"https:\/\/fixpaletta.hu\/en\/#organization"},"potentialAction":[{"@type":"SearchAction","target":{"@type":"EntryPoint","urlTemplate":"https:\/\/fixpaletta.hu\/en\/?s={search_term_string}"},"query-input":"required name=search_term_string"}],"inLanguage":"en-US"},{"@type":"Organization","@id":"https:\/\/fixpaletta.hu\/en\/#organization","name":"Fix-Paletta Hungary Kft.","url":"https:\/\/fixpaletta.hu\/en\/","logo":{"@type":"ImageObject","inLanguage":"en-US","@id":"https:\/\/fixpaletta.hu\/en\/#\/schema\/logo\/image\/","url":"https:\/\/fixpaletta.hu\/wp-content\/uploads\/2023\/04\/fix-paletta-logo-retina.png","contentUrl":"https:\/\/fixpaletta.hu\/wp-content\/uploads\/2023\/04\/fix-paletta-logo-retina.png","width":1280,"height":400,"caption":"Fix-Paletta Hungary Kft."},"image":{"@id":"https:\/\/fixpaletta.hu\/en\/#\/schema\/logo\/image\/"}}]}},"_links":{"self":[{"href":"https:\/\/fixpaletta.hu\/en\/wp-json\/wp\/v2\/pages\/242","targetHints":{"allow":["GET"]}}],"collection":[{"href":"https:\/\/fixpaletta.hu\/en\/wp-json\/wp\/v2\/pages"}],"about":[{"href":"https:\/\/fixpaletta.hu\/en\/wp-json\/wp\/v2\/types\/page"}],"author":[{"embeddable":true,"href":"https:\/\/fixpaletta.hu\/en\/wp-json\/wp\/v2\/users\/1"}],"replies":[{"embeddable":true,"href":"https:\/\/fixpaletta.hu\/en\/wp-json\/wp\/v2\/comments?post=242"}],"version-history":[{"count":3,"href":"https:\/\/fixpaletta.hu\/en\/wp-json\/wp\/v2\/pages\/242\/revisions"}],"predecessor-version":[{"id":248,"href":"https:\/\/fixpaletta.hu\/en\/wp-json\/wp\/v2\/pages\/242\/revisions\/248"}],"wp:attachment":[{"href":"https:\/\/fixpaletta.hu\/en\/wp-json\/wp\/v2\/media?parent=242"}],"curies":[{"name":"wp","href":"https:\/\/api.w.org\/{rel}","templated":true}]}}