{"id":280,"date":"2023-04-05T21:11:06","date_gmt":"2023-04-05T19:11:06","guid":{"rendered":"https:\/\/fixpaletta.hu\/rolunk\/"},"modified":"2023-04-27T20:57:05","modified_gmt":"2023-04-27T18:57:05","slug":"about-us","status":"publish","type":"page","link":"https:\/\/fixpaletta.hu\/en\/about-us\/","title":{"rendered":"About us"},"content":{"rendered":"[vc_row type=&#8221;in_container&#8221; full_screen_row_position=&#8221;middle&#8221; column_margin=&#8221;default&#8221; equal_height=&#8221;yes&#8221; content_placement=&#8221;middle&#8221; column_direction=&#8221;default&#8221; column_direction_tablet=&#8221;default&#8221; column_direction_phone=&#8221;default&#8221; scene_position=&#8221;center&#8221; top_padding=&#8221;80&#8243; bottom_padding=&#8221;80&#8243; top_padding_phone=&#8221;60&#8243; bottom_padding_phone=&#8221;60&#8243; text_color=&#8221;dark&#8221; text_align=&#8221;left&#8221; row_border_radius=&#8221;none&#8221; row_border_radius_applies=&#8221;bg&#8221; overflow=&#8221;visible&#8221; overlay_strength=&#8221;0.3&#8243; gradient_direction=&#8221;left_to_right&#8221; shape_divider_position=&#8221;bottom&#8221; bg_image_animation=&#8221;none&#8221; gradient_type=&#8221;default&#8221; shape_type=&#8221;&#8221;][vc_column column_padding=&#8221;no-extra-padding&#8221; column_padding_tablet=&#8221;inherit&#8221; column_padding_phone=&#8221;inherit&#8221; column_padding_position=&#8221;all&#8221; column_element_direction_desktop=&#8221;default&#8221; column_element_spacing=&#8221;default&#8221; desktop_text_alignment=&#8221;default&#8221; tablet_text_alignment=&#8221;default&#8221; phone_text_alignment=&#8221;default&#8221; background_color_opacity=&#8221;1&#8243; background_hover_color_opacity=&#8221;1&#8243; background_image=&#8221;102&#8243; background_image_position=&#8221;center center&#8221; background_image_stacking=&#8221;default&#8221; enable_bg_scale=&#8221;true&#8221; background_image_loading=&#8221;default&#8221; column_backdrop_filter=&#8221;none&#8221; column_shadow=&#8221;none&#8221; column_border_radius=&#8221;none&#8221; column_link_target=&#8221;_self&#8221; column_position=&#8221;default&#8221; gradient_direction=&#8221;left_to_right&#8221; overlay_strength=&#8221;0.3&#8243; width=&#8221;1\/2&#8243; tablet_width_inherit=&#8221;default&#8221; animation_type=&#8221;default&#8221; bg_image_animation=&#8221;none&#8221; border_type=&#8221;simple&#8221; column_border_width=&#8221;none&#8221; column_border_style=&#8221;solid&#8221; column_padding_type=&#8221;default&#8221; gradient_type=&#8221;default&#8221;][divider line_type=&#8221;No Line&#8221; custom_height=&#8221;400&#8243;][\/vc_column][vc_column column_padding=&#8221;padding-2-percent&#8221; column_padding_tablet=&#8221;no-extra-padding&#8221; column_padding_phone=&#8221;no-extra-padding&#8221; column_padding_position=&#8221;all&#8221; column_element_direction_desktop=&#8221;default&#8221; column_element_spacing=&#8221;default&#8221; desktop_text_alignment=&#8221;default&#8221; tablet_text_alignment=&#8221;default&#8221; phone_text_alignment=&#8221;default&#8221; background_color_opacity=&#8221;1&#8243; background_hover_color_opacity=&#8221;1&#8243; column_backdrop_filter=&#8221;none&#8221; column_shadow=&#8221;none&#8221; column_border_radius=&#8221;none&#8221; column_link_target=&#8221;_self&#8221; column_position=&#8221;default&#8221; gradient_direction=&#8221;left_to_right&#8221; overlay_strength=&#8221;0.3&#8243; width=&#8221;1\/2&#8243; tablet_width_inherit=&#8221;default&#8221; animation_type=&#8221;default&#8221; bg_image_animation=&#8221;none&#8221; border_type=&#8221;simple&#8221; column_border_width=&#8221;none&#8221; column_border_style=&#8221;solid&#8221; column_padding_type=&#8221;default&#8221; gradient_type=&#8221;default&#8221;][vc_column_text]\n<h2><span style=\"color: #000000;\">Fix-Paletta Hungary Kft.<\/span><\/h2>\n[\/vc_column_text][divider line_type=&#8221;Small Line&#8221; line_alignment=&#8221;default&#8221; line_thickness=&#8221;8&#8243; divider_color=&#8221;accent-color&#8221; custom_line_width=&#8221;80&#8243; custom_height=&#8221;50&#8243;][vc_column_text]\n<h4>Has been dealing with pallet trading since 2007.<\/h4>\n[\/vc_column_text][vc_column_text]We are a subsidiary of the Austrian company <a href=\"https:\/\/www.wlc.co.at\" target=\"_blank\" rel=\"noopener\"><strong>Weiss Logistik Center BetriebsgesellschaftmbH<\/strong>.<\/a> Primarily, we deal with selling and buying, furthermore collecting used wooden pallets. We serve our partners from our two main locations in Gy\u00e1l and Sopron. Apart from EUR\/EPAL pallets, we deal with a wide range of one-way pallets. The distribution of gitterboxes, H1 plastic pallets, E2 meat crates, moreover pallet collar is also part of our handling. The reparation and acquisition of EUR UIC, one-way, and damaged pallets have been part of our portfolio since 2015. We have a M\u00c1V-REC repair permit and are official quality inspectors. In regards of our extensive network of contacts, we are present throughout the whole country. Our mother company is one of the largest of pallet traders in Austria, having subsidiaries in the Czech Republic and Slovakia as well. <a href=\"https:\/\/www.ptc.sk\" target=\"_blank\" rel=\"noopener\">www.ptc.sk<\/a>[\/vc_column_text][nectar_btn size=&#8221;medium&#8221; button_style=&#8221;regular&#8221; button_color_2=&#8221;Accent-Color&#8221; solid_text_color_override=&#8221;#000000&#8243; icon_family=&#8221;none&#8221; text=&#8221;Products&#8221; url=&#8221;https:\/\/fixpaletta.hu\/en\/products\/&#8221;][\/vc_column][\/vc_row]\n","protected":false},"excerpt":{"rendered":"<p>[vc_row type=&#8221;in_container&#8221; full_screen_row_position=&#8221;middle&#8221; column_margin=&#8221;default&#8221; equal_height=&#8221;yes&#8221; content_placement=&#8221;middle&#8221; column_direction=&#8221;default&#8221; column_direction_tablet=&#8221;default&#8221; column_direction_phone=&#8221;default&#8221; scene_position=&#8221;center&#8221; top_padding=&#8221;80&#8243; bottom_padding=&#8221;80&#8243; top_padding_phone=&#8221;60&#8243; bottom_padding_phone=&#8221;60&#8243; text_color=&#8221;dark&#8221; text_align=&#8221;left&#8221; row_border_radius=&#8221;none&#8221; row_border_radius_applies=&#8221;bg&#8221; overflow=&#8221;visible&#8221; overlay_strength=&#8221;0.3&#8243; gradient_direction=&#8221;left_to_right&#8221; shape_divider_position=&#8221;bottom&#8221; bg_image_animation=&#8221;none&#8221; gradient_type=&#8221;default&#8221; shape_type=&#8221;&#8221;][vc_column column_padding=&#8221;no-extra-padding&#8221; column_padding_tablet=&#8221;inherit&#8221; column_padding_phone=&#8221;inherit&#8221; column_padding_position=&#8221;all&#8221; column_element_direction_desktop=&#8221;default&#8221;&#8230;<\/p>\n","protected":false},"author":1,"featured_media":0,"parent":0,"menu_order":0,"comment_status":"closed","ping_status":"closed","template":"","meta":{"footnotes":""},"class_list":["post-280","page","type-page","status-publish"],"yoast_head":"<!-- This site is optimized with the Yoast SEO plugin v20.6 - https:\/\/yoast.com\/wordpress\/plugins\/seo\/ -->\n<title>About us | Fix-Paletta Hungary Kft.<\/title>\n<meta name=\"robots\" content=\"index, follow, max-snippet:-1, max-image-preview:large, max-video-preview:-1\" \/>\n<link rel=\"canonical\" href=\"https:\/\/fixpaletta.hu\/en\/about-us\/\" \/>\n<meta property=\"og:locale\" content=\"en_US\" \/>\n<meta property=\"og:type\" content=\"article\" \/>\n<meta property=\"og:title\" content=\"About us | Fix-Paletta Hungary Kft.\" \/>\n<meta property=\"og:description\" content=\"[vc_row type=&#8221;in_container&#8221; full_screen_row_position=&#8221;middle&#8221; column_margin=&#8221;default&#8221; equal_height=&#8221;yes&#8221; content_placement=&#8221;middle&#8221; column_direction=&#8221;default&#8221; column_direction_tablet=&#8221;default&#8221; column_direction_phone=&#8221;default&#8221; scene_position=&#8221;center&#8221; top_padding=&#8221;80&#8243; bottom_padding=&#8221;80&#8243; top_padding_phone=&#8221;60&#8243; bottom_padding_phone=&#8221;60&#8243; text_color=&#8221;dark&#8221; text_align=&#8221;left&#8221; row_border_radius=&#8221;none&#8221; row_border_radius_applies=&#8221;bg&#8221; overflow=&#8221;visible&#8221; overlay_strength=&#8221;0.3&#8243; gradient_direction=&#8221;left_to_right&#8221; shape_divider_position=&#8221;bottom&#8221; bg_image_animation=&#8221;none&#8221; gradient_type=&#8221;default&#8221; shape_type=&#8221;&#8221;][vc_column column_padding=&#8221;no-extra-padding&#8221; column_padding_tablet=&#8221;inherit&#8221; column_padding_phone=&#8221;inherit&#8221; column_padding_position=&#8221;all&#8221; column_element_direction_desktop=&#8221;default&#8221;...\" \/>\n<meta property=\"og:url\" content=\"https:\/\/fixpaletta.hu\/en\/about-us\/\" \/>\n<meta property=\"og:site_name\" content=\"Fix-Paletta Hungary Kft.\" \/>\n<meta property=\"article:modified_time\" content=\"2023-04-27T18:57:05+00:00\" \/>\n<meta property=\"og:image\" content=\"https:\/\/fixpaletta.hu\/wp-content\/uploads\/2023\/04\/fix-paletta-siteimg.jpg\" \/>\n\t<meta property=\"og:image:width\" content=\"1400\" \/>\n\t<meta property=\"og:image:height\" content=\"858\" \/>\n\t<meta property=\"og:image:type\" content=\"image\/jpeg\" \/>\n<meta name=\"twitter:card\" content=\"summary_large_image\" \/>\n<meta name=\"twitter:label1\" content=\"Est. reading time\" \/>\n\t<meta name=\"twitter:data1\" content=\"2 minutes\" \/>\n<script type=\"application\/ld+json\" class=\"yoast-schema-graph\">{\"@context\":\"https:\/\/schema.org\",\"@graph\":[{\"@type\":\"WebPage\",\"@id\":\"https:\/\/fixpaletta.hu\/en\/about-us\/\",\"url\":\"https:\/\/fixpaletta.hu\/en\/about-us\/\",\"name\":\"About us | Fix-Paletta Hungary Kft.\",\"isPartOf\":{\"@id\":\"https:\/\/fixpaletta.hu\/en\/#website\"},\"datePublished\":\"2023-04-05T19:11:06+00:00\",\"dateModified\":\"2023-04-27T18:57:05+00:00\",\"breadcrumb\":{\"@id\":\"https:\/\/fixpaletta.hu\/en\/about-us\/#breadcrumb\"},\"inLanguage\":\"en-US\",\"potentialAction\":[{\"@type\":\"ReadAction\",\"target\":[\"https:\/\/fixpaletta.hu\/en\/about-us\/\"]}]},{\"@type\":\"BreadcrumbList\",\"@id\":\"https:\/\/fixpaletta.hu\/en\/about-us\/#breadcrumb\",\"itemListElement\":[{\"@type\":\"ListItem\",\"position\":1,\"name\":\"Kezd\u0151lap\",\"item\":\"https:\/\/fixpaletta.hu\/en\/\"},{\"@type\":\"ListItem\",\"position\":2,\"name\":\"About us\"}]},{\"@type\":\"WebSite\",\"@id\":\"https:\/\/fixpaletta.hu\/en\/#website\",\"url\":\"https:\/\/fixpaletta.hu\/en\/\",\"name\":\"Fix-Paletta Hungary Kft.\",\"description\":\"Haszn\u00e1lt raklap ad\u00e1s-v\u00e9tel \u00e9s jav\u00edt\u00e1s\",\"publisher\":{\"@id\":\"https:\/\/fixpaletta.hu\/en\/#organization\"},\"potentialAction\":[{\"@type\":\"SearchAction\",\"target\":{\"@type\":\"EntryPoint\",\"urlTemplate\":\"https:\/\/fixpaletta.hu\/en\/?s={search_term_string}\"},\"query-input\":\"required name=search_term_string\"}],\"inLanguage\":\"en-US\"},{\"@type\":\"Organization\",\"@id\":\"https:\/\/fixpaletta.hu\/en\/#organization\",\"name\":\"Fix-Paletta Hungary Kft.\",\"url\":\"https:\/\/fixpaletta.hu\/en\/\",\"logo\":{\"@type\":\"ImageObject\",\"inLanguage\":\"en-US\",\"@id\":\"https:\/\/fixpaletta.hu\/en\/#\/schema\/logo\/image\/\",\"url\":\"https:\/\/fixpaletta.hu\/wp-content\/uploads\/2023\/04\/fix-paletta-logo-retina.png\",\"contentUrl\":\"https:\/\/fixpaletta.hu\/wp-content\/uploads\/2023\/04\/fix-paletta-logo-retina.png\",\"width\":1280,\"height\":400,\"caption\":\"Fix-Paletta Hungary Kft.\"},\"image\":{\"@id\":\"https:\/\/fixpaletta.hu\/en\/#\/schema\/logo\/image\/\"}}]}<\/script>\n<!-- \/ Yoast SEO plugin. -->","yoast_head_json":{"title":"About us | Fix-Paletta Hungary Kft.","robots":{"index":"index","follow":"follow","max-snippet":"max-snippet:-1","max-image-preview":"max-image-preview:large","max-video-preview":"max-video-preview:-1"},"canonical":"https:\/\/fixpaletta.hu\/en\/about-us\/","og_locale":"en_US","og_type":"article","og_title":"About us | Fix-Paletta Hungary Kft.","og_description":"[vc_row type=&#8221;in_container&#8221; full_screen_row_position=&#8221;middle&#8221; column_margin=&#8221;default&#8221; equal_height=&#8221;yes&#8221; content_placement=&#8221;middle&#8221; column_direction=&#8221;default&#8221; column_direction_tablet=&#8221;default&#8221; column_direction_phone=&#8221;default&#8221; scene_position=&#8221;center&#8221; top_padding=&#8221;80&#8243; bottom_padding=&#8221;80&#8243; top_padding_phone=&#8221;60&#8243; bottom_padding_phone=&#8221;60&#8243; text_color=&#8221;dark&#8221; text_align=&#8221;left&#8221; row_border_radius=&#8221;none&#8221; row_border_radius_applies=&#8221;bg&#8221; overflow=&#8221;visible&#8221; overlay_strength=&#8221;0.3&#8243; gradient_direction=&#8221;left_to_right&#8221; shape_divider_position=&#8221;bottom&#8221; bg_image_animation=&#8221;none&#8221; gradient_type=&#8221;default&#8221; shape_type=&#8221;&#8221;][vc_column column_padding=&#8221;no-extra-padding&#8221; column_padding_tablet=&#8221;inherit&#8221; column_padding_phone=&#8221;inherit&#8221; column_padding_position=&#8221;all&#8221; column_element_direction_desktop=&#8221;default&#8221;...","og_url":"https:\/\/fixpaletta.hu\/en\/about-us\/","og_site_name":"Fix-Paletta Hungary Kft.","article_modified_time":"2023-04-27T18:57:05+00:00","og_image":[{"width":1400,"height":858,"url":"https:\/\/fixpaletta.hu\/wp-content\/uploads\/2023\/04\/fix-paletta-siteimg.jpg","type":"image\/jpeg"}],"twitter_card":"summary_large_image","twitter_misc":{"Est. reading time":"2 minutes"},"schema":{"@context":"https:\/\/schema.org","@graph":[{"@type":"WebPage","@id":"https:\/\/fixpaletta.hu\/en\/about-us\/","url":"https:\/\/fixpaletta.hu\/en\/about-us\/","name":"About us | Fix-Paletta Hungary Kft.","isPartOf":{"@id":"https:\/\/fixpaletta.hu\/en\/#website"},"datePublished":"2023-04-05T19:11:06+00:00","dateModified":"2023-04-27T18:57:05+00:00","breadcrumb":{"@id":"https:\/\/fixpaletta.hu\/en\/about-us\/#breadcrumb"},"inLanguage":"en-US","potentialAction":[{"@type":"ReadAction","target":["https:\/\/fixpaletta.hu\/en\/about-us\/"]}]},{"@type":"BreadcrumbList","@id":"https:\/\/fixpaletta.hu\/en\/about-us\/#breadcrumb","itemListElement":[{"@type":"ListItem","position":1,"name":"Kezd\u0151lap","item":"https:\/\/fixpaletta.hu\/en\/"},{"@type":"ListItem","position":2,"name":"About us"}]},{"@type":"WebSite","@id":"https:\/\/fixpaletta.hu\/en\/#website","url":"https:\/\/fixpaletta.hu\/en\/","name":"Fix-Paletta Hungary Kft.","description":"Haszn\u00e1lt raklap ad\u00e1s-v\u00e9tel \u00e9s jav\u00edt\u00e1s","publisher":{"@id":"https:\/\/fixpaletta.hu\/en\/#organization"},"potentialAction":[{"@type":"SearchAction","target":{"@type":"EntryPoint","urlTemplate":"https:\/\/fixpaletta.hu\/en\/?s={search_term_string}"},"query-input":"required name=search_term_string"}],"inLanguage":"en-US"},{"@type":"Organization","@id":"https:\/\/fixpaletta.hu\/en\/#organization","name":"Fix-Paletta Hungary Kft.","url":"https:\/\/fixpaletta.hu\/en\/","logo":{"@type":"ImageObject","inLanguage":"en-US","@id":"https:\/\/fixpaletta.hu\/en\/#\/schema\/logo\/image\/","url":"https:\/\/fixpaletta.hu\/wp-content\/uploads\/2023\/04\/fix-paletta-logo-retina.png","contentUrl":"https:\/\/fixpaletta.hu\/wp-content\/uploads\/2023\/04\/fix-paletta-logo-retina.png","width":1280,"height":400,"caption":"Fix-Paletta Hungary Kft."},"image":{"@id":"https:\/\/fixpaletta.hu\/en\/#\/schema\/logo\/image\/"}}]}},"_links":{"self":[{"href":"https:\/\/fixpaletta.hu\/en\/wp-json\/wp\/v2\/pages\/280","targetHints":{"allow":["GET"]}}],"collection":[{"href":"https:\/\/fixpaletta.hu\/en\/wp-json\/wp\/v2\/pages"}],"about":[{"href":"https:\/\/fixpaletta.hu\/en\/wp-json\/wp\/v2\/types\/page"}],"author":[{"embeddable":true,"href":"https:\/\/fixpaletta.hu\/en\/wp-json\/wp\/v2\/users\/1"}],"replies":[{"embeddable":true,"href":"https:\/\/fixpaletta.hu\/en\/wp-json\/wp\/v2\/comments?post=280"}],"version-history":[{"count":2,"href":"https:\/\/fixpaletta.hu\/en\/wp-json\/wp\/v2\/pages\/280\/revisions"}],"predecessor-version":[{"id":281,"href":"https:\/\/fixpaletta.hu\/en\/wp-json\/wp\/v2\/pages\/280\/revisions\/281"}],"wp:attachment":[{"href":"https:\/\/fixpaletta.hu\/en\/wp-json\/wp\/v2\/media?parent=280"}],"curies":[{"name":"wp","href":"https:\/\/api.w.org\/{rel}","templated":true}]}}